{"id":34,"date":"2025-06-17T13:45:14","date_gmt":"2025-06-17T13:45:14","guid":{"rendered":"https:\/\/transkonig.cl\/?page_id=34"},"modified":"2025-06-17T17:15:58","modified_gmt":"2025-06-17T17:15:58","slug":"clientes","status":"publish","type":"page","link":"https:\/\/transkonig.cl\/index.php\/clientes\/","title":{"rendered":"Clientes"},"content":{"rendered":"<p><em>Algunos de nuestros clientes:<\/em><\/p>\n<ul>\n<li><em>Arauco<\/em><\/li>\n<li><em>Asenav<\/em><\/li>\n<li><em>Alimentos Asturias<\/em><\/li>\n<li><em>Biomar<\/em><\/li>\n<li><em>Cerveza Cuello Negro<\/em><\/li>\n<li><em>Bacon<\/em><\/li>\n<li><em>Dexima<\/em><\/li>\n<li><em>Dicoal S.A.<\/em><\/li>\n<li><em>Energ\u00edas Industriales<\/em><\/li>\n<li><em>Eps Chile<\/em><\/li>\n<li><em>Ferreter\u00eda Sur<\/em><\/li>\n<li><em>Inaver Exportadora Ltda.<\/em><\/li>\n<li><em>Ironplast Spa<\/em><\/li>\n<li><em>K+S<\/em><\/li>\n<li><em>Los Fiordos<\/em><\/li>\n<li><em>Lousiana Pacific<\/em><\/li>\n<li><em>Madeex Pallets Chile<\/em><\/li>\n<li><em>Maderas Procomad<\/em><\/li>\n<li><em>Masisa<\/em><\/li>\n<li><em>Nutreco<\/em><\/li>\n<li><em>Qu\u00edmica Ind Spes<\/em><\/li>\n<li><em>Reciclaje Pudu Ltda.<\/em><\/li>\n<li><em>Servicios Mar\u00edtimos Y Acu\u00edcolas Sys Spa<\/em><\/li>\n<li><em>Sinergichem<\/em><\/li>\n<li><em>Sociedad Comercial Rancho Grande<\/em><\/li>\n<li><em>Sociedad De Muebles Insigne Ltda.<\/em><\/li>\n<li><em>Sociedad De Reciclaje Valdivia Spa<\/em><\/li>\n<li><em>Sociedad J &amp; E Agroservicios Ltda.<\/em><\/li>\n<li><em>Temsa<\/em><\/li>\n<li><em>Terramar<\/em><\/li>\n<li><em>Tulsa S.A.<\/em><\/li>\n<li><em>Union Quimica<\/em><\/li>\n<li><em>Valentina Petermann Spa<\/em><\/li>\n<\/ul>\n","protected":false},"excerpt":{"rendered":"<p>Algunos de nuestros clientes: Arauco Asenav Alimentos Asturias Biomar Cerveza Cuello Negro Bacon Dexima Dicoal S.A. Energ\u00edas Industriales Eps Chile Ferreter\u00eda Sur Inaver Exportadora Ltda. Ironplast Spa K+S Los Fiordos Lousiana Pacific Madeex Pallets Chile Maderas Procomad Masisa Nutreco Qu\u00edmica Ind Spes Reciclaje Pudu Ltda. Servicios Mar\u00edtimos Y Acu\u00edcolas Sys Spa Sinergichem Sociedad Comercial Rancho<a href=\"https:\/\/transkonig.cl\/index.php\/clientes\/\">[&#8230;]<\/a><\/p>\n","protected":false},"author":1,"featured_media":0,"parent":0,"menu_order":0,"comment_status":"closed","ping_status":"closed","template":"template-fullwidth.php","meta":{"footnotes":""},"class_list":["post-34","page","type-page","status-publish","hentry"],"_links":{"self":[{"href":"https:\/\/transkonig.cl\/index.php\/wp-json\/wp\/v2\/pages\/34","targetHints":{"allow":["GET"]}}],"collection":[{"href":"https:\/\/transkonig.cl\/index.php\/wp-json\/wp\/v2\/pages"}],"about":[{"href":"https:\/\/transkonig.cl\/index.php\/wp-json\/wp\/v2\/types\/page"}],"author":[{"embeddable":true,"href":"https:\/\/transkonig.cl\/index.php\/wp-json\/wp\/v2\/users\/1"}],"replies":[{"embeddable":true,"href":"https:\/\/transkonig.cl\/index.php\/wp-json\/wp\/v2\/comments?post=34"}],"version-history":[{"count":6,"href":"https:\/\/transkonig.cl\/index.php\/wp-json\/wp\/v2\/pages\/34\/revisions"}],"predecessor-version":[{"id":62,"href":"https:\/\/transkonig.cl\/index.php\/wp-json\/wp\/v2\/pages\/34\/revisions\/62"}],"wp:attachment":[{"href":"https:\/\/transkonig.cl\/index.php\/wp-json\/wp\/v2\/media?parent=34"}],"curies":[{"name":"wp","href":"https:\/\/api.w.org\/{rel}","templated":true}]}}